{"id":452,"date":"2020-03-03T14:40:14","date_gmt":"2020-03-03T17:40:14","guid":{"rendered":"http:\/\/unisonoticias.uniso.br\/?page_id=452"},"modified":"2026-01-13T13:38:17","modified_gmt":"2026-01-13T16:38:17","slug":"expediente","status":"publish","type":"page","link":"https:\/\/unisonoticias.uniso.br\/index.php\/expediente\/","title":{"rendered":"Expediente"},"content":{"rendered":"\n<p class=\"has-normal-font-size\">O Uniso Not\u00edcias \u00e9 uma publica\u00e7\u00e3o produzida pela Assessoria de Comunica\u00e7\u00e3o Social da Uniso (Assecoms).<br><br><strong>Jornalista respons\u00e1vel<\/strong>: M\u00f4nica Cristina Ribeiro Gomes (MTB 27.877)<\/p>\n\n\n\n<p class=\"has-normal-font-size\"><strong>Reportagens:<\/strong> Rafael Filho (MTB 0096500)<br><br><strong>Revis\u00e3o Ortogr\u00e1fica<\/strong>: Paula Rafael Gonzalez Valelongo<br><br><strong>Diagrama\u00e7\u00e3o web<\/strong>: Gisele Bruno <br><br><em>\u00c9 permitida a publica\u00e7\u00e3o parcial ou total dos textos, desde que a fonte seja citada<\/em>.<br><br><strong>Informa\u00e7\u00f5es e sugest\u00f5es:<\/strong> uniso.noticias@uniso.br<\/p>\n","protected":false},"excerpt":{"rendered":"<p>O Uniso Not\u00edcias \u00e9 uma publica\u00e7\u00e3o produzida pela Assessoria de Comunica\u00e7\u00e3o Social da Uniso (Assecoms). Jornalista respons\u00e1vel: M\u00f4nica Cristina Ribeiro<\/p>\n","protected":false},"author":4,"featured_media":0,"parent":0,"menu_order":0,"comment_status":"closed","ping_status":"closed","template":"","meta":{"colormag_page_container_layout":"default_layout","colormag_page_sidebar_layout":"default_layout","footnotes":""},"class_list":["post-452","page","type-page","status-publish","hentry"],"_links":{"self":[{"href":"https:\/\/unisonoticias.uniso.br\/index.php\/wp-json\/wp\/v2\/pages\/452","targetHints":{"allow":["GET"]}}],"collection":[{"href":"https:\/\/unisonoticias.uniso.br\/index.php\/wp-json\/wp\/v2\/pages"}],"about":[{"href":"https:\/\/unisonoticias.uniso.br\/index.php\/wp-json\/wp\/v2\/types\/page"}],"author":[{"embeddable":true,"href":"https:\/\/unisonoticias.uniso.br\/index.php\/wp-json\/wp\/v2\/users\/4"}],"replies":[{"embeddable":true,"href":"https:\/\/unisonoticias.uniso.br\/index.php\/wp-json\/wp\/v2\/comments?post=452"}],"version-history":[{"count":29,"href":"https:\/\/unisonoticias.uniso.br\/index.php\/wp-json\/wp\/v2\/pages\/452\/revisions"}],"predecessor-version":[{"id":12724,"href":"https:\/\/unisonoticias.uniso.br\/index.php\/wp-json\/wp\/v2\/pages\/452\/revisions\/12724"}],"wp:attachment":[{"href":"https:\/\/unisonoticias.uniso.br\/index.php\/wp-json\/wp\/v2\/media?parent=452"}],"curies":[{"name":"wp","href":"https:\/\/api.w.org\/{rel}","templated":true}]}}